{"id":68,"date":"2020-01-21T12:05:58","date_gmt":"2020-01-21T11:05:58","guid":{"rendered":"http:\/\/www.fjlz-arquitectura.es\/?page_id=68"},"modified":"2020-01-26T19:55:13","modified_gmt":"2020-01-26T18:55:13","slug":"estudio","status":"publish","type":"page","link":"http:\/\/www.fjlz-arquitectura.es\/index.php\/5-2\/estudio\/","title":{"rendered":"Estudio"},"content":{"rendered":"<p>Es un estudio de arquitectura y dise\u00f1o con una prolongada actividad profesional. El \u00e1mbito de trabajo ha sido amplio y variado, aglutinando proyectos nacionales e internacionales de distintas escalas y usos dando soluci\u00f3n a las diversos trabajos que el cliente demanda entendiendo la arquitectura como nexo de uni\u00f3n de diversas disciplinas capaz de aunar, analizar y sintetizar la informaci\u00f3n necesaria para dar viabilidad a cualquier demanda que realice el cliente.<\/p>\n<p>En el estudio iniciamos cualquier trabajo atendiendo a todos los par\u00e1metros que lo contienen con el \u00fanico objetivo de conseguir un resultado con la m\u00e1xima claridad, sencillez y orden donde la satisfacci\u00f3n del cliente es el mejor reconocimiento.<\/p>\n<p>En el estudio cualquier proyecto es la consecuencia de un camino que parte de las necesidades de un cliente, comienzan en una idea, idea que dirige todo el proceso desde el origen en conceptos previos, hasta el final en su ejecuci\u00f3n.<\/p>\n<p>&nbsp;<\/p>\n<p>&nbsp;<\/p>\n<p>&nbsp;<\/p>\n","protected":false},"excerpt":{"rendered":"<p>Es un estudio de arquitectura y dise\u00f1o con una prolongada actividad profesional. El \u00e1mbito de trabajo ha sido amplio y variado, aglutinando proyectos nacionales e internacionales de distintas escalas y usos dando soluci\u00f3n a las diversos trabajos que el cliente demanda entendiendo la arquitectura como nexo de uni\u00f3n de diversas disciplinas capaz de aunar, analizar&hellip;<\/p>\n<p class=\"more\"><a class=\"more-link\" href=\"http:\/\/www.fjlz-arquitectura.es\/index.php\/5-2\/estudio\/\">Seguir leyendo <span class=\"screen-reader-text\">Estudio<\/span><\/a><\/p>\n","protected":false},"author":1,"featured_media":0,"parent":5,"menu_order":0,"comment_status":"closed","ping_status":"closed","template":"","meta":{"footnotes":""},"class_list":["post-68","page","type-page","status-publish","hentry","entry"],"_links":{"self":[{"href":"http:\/\/www.fjlz-arquitectura.es\/index.php\/wp-json\/wp\/v2\/pages\/68","targetHints":{"allow":["GET"]}}],"collection":[{"href":"http:\/\/www.fjlz-arquitectura.es\/index.php\/wp-json\/wp\/v2\/pages"}],"about":[{"href":"http:\/\/www.fjlz-arquitectura.es\/index.php\/wp-json\/wp\/v2\/types\/page"}],"author":[{"embeddable":true,"href":"http:\/\/www.fjlz-arquitectura.es\/index.php\/wp-json\/wp\/v2\/users\/1"}],"replies":[{"embeddable":true,"href":"http:\/\/www.fjlz-arquitectura.es\/index.php\/wp-json\/wp\/v2\/comments?post=68"}],"version-history":[{"count":7,"href":"http:\/\/www.fjlz-arquitectura.es\/index.php\/wp-json\/wp\/v2\/pages\/68\/revisions"}],"predecessor-version":[{"id":172,"href":"http:\/\/www.fjlz-arquitectura.es\/index.php\/wp-json\/wp\/v2\/pages\/68\/revisions\/172"}],"up":[{"embeddable":true,"href":"http:\/\/www.fjlz-arquitectura.es\/index.php\/wp-json\/wp\/v2\/pages\/5"}],"wp:attachment":[{"href":"http:\/\/www.fjlz-arquitectura.es\/index.php\/wp-json\/wp\/v2\/media?parent=68"}],"curies":[{"name":"wp","href":"https:\/\/api.w.org\/{rel}","templated":true}]}}